{"id":45,"date":"2018-07-20T10:32:22","date_gmt":"2018-07-20T08:32:22","guid":{"rendered":"http:\/\/www.sadeckasamochodowka.pl\/?page_id=45"},"modified":"2026-01-24T16:46:10","modified_gmt":"2026-01-24T15:46:10","slug":"galeria","status":"publish","type":"page","link":"https:\/\/www.sadeckasamochodowka.pl\/?page_id=45","title":{"rendered":"Galeria"},"content":{"rendered":"<p style=\"text-align: center;\">\u00a0<a class=\"maxbutton-40 maxbutton maxbutton-spotkanie-noworoczne-2026\" target=\"_blank\" rel=\"noopener\" href=\"\/?page_id=5360\"><span class='mb-text'>Spotkanie Noworoczne 2026<\/span><\/a>\u00a0 <a class=\"maxbutton-39 maxbutton maxbutton-iv-memoria-in-tadeusza-ta-skiego\" target=\"_blank\" rel=\"noopener\" href=\"\/?page_id=4458\"><span class='mb-text'>IV Memoria\u0142 in\u017c. Tadeusza Ta\u0144skiego<\/span><\/a>\u00a0 <a class=\"maxbutton-36 maxbutton maxbutton-spotkanie-z-kalisk-samochodowk\" target=\"_blank\" rel=\"noopener\" href=\"\/?page_id=3873\"><span class='mb-text'>Spotkanie z Kalisk\u0105 Samochod\u00f3wk\u0105<\/span><\/a>\u00a0 <a class=\"maxbutton-38 maxbutton maxbutton-spotkanie-z-partnerami-2025\" target=\"_blank\" rel=\"noopener\" href=\"\/?page_id=4394\"><span class='mb-text'>Spotkanie z partnerami 2025<\/span><\/a><\/p>\n<p style=\"text-align: center;\"><a class=\"maxbutton-37 maxbutton maxbutton-iii-memoria-in-tadeusza-ta-skiego\" target=\"_blank\" rel=\"noopener\" href=\"\/?page_id=4285\"><span class='mb-text'>III Memoria\u0142 in\u017c. Tadeusza Ta\u0144skiego<\/span><\/a>\u00a0 <a class=\"maxbutton-34 maxbutton maxbutton-spotkanie-z-partnerami-2024\" target=\"_blank\" rel=\"noopener\" href=\"\/?page_id=3883\"><span class='mb-text'>Spotkanie z Partnerami 2024<\/span><\/a>\u00a0 <a class=\"maxbutton-30 maxbutton maxbutton-transport-strategicznym-czynnikiem-bezpiecze-stwa-i-rozwoju-europy\" target=\"_blank\" rel=\"noopener\" href=\"\/?page_id=3639\"><span class='mb-text'>Transport strategicznym czynnikiem bezpiecze\u0144stwa i rozwoju Europy<\/span><\/a>\u00a0 <a class=\"maxbutton-29 maxbutton maxbutton-ii-memoria-in-tadeusza-ta-skiego\" target=\"_blank\" rel=\"noopener\" href=\"\/?page_id=3640\"><span class='mb-text'>II Memoria\u0142 in\u017c. Tadeusza Ta\u0144skiego<\/span><\/a><\/p>\n<p style=\"text-align: center;\"><a class=\"maxbutton-27 maxbutton maxbutton-i-memoria-in-tadeusza-ta-skiego\" target=\"_blank\" rel=\"noopener\" href=\"\/?page_id=2565\"><span class='mb-text'>I Memoria\u0142 in\u017c. Tadeusza Ta\u0144skiego<\/span><\/a>\u00a0 <a class=\"maxbutton-26 maxbutton maxbutton-i-zjazd-absolwentow-s-deckiej-samochodowki\" target=\"_blank\" rel=\"noopener\" href=\"\/?page_id=2143\"><span class='mb-text'>I Zjazd Absolwent\u00f3w S\u0105deckiej Samochod\u00f3wki<\/span><\/a>\u00a0 <a class=\"maxbutton-25 maxbutton maxbutton-zlot-youngtimer-z-okazji-zjazdu-absolwentow\" target=\"_blank\" rel=\"noopener\" href=\"\/?page_id=2137\"><span class='mb-text'>Zlot Youngtimer z okazji Zjazdu Absolwent\u00f3w<\/span><\/a>\u00a0 <a class=\"maxbutton-24 maxbutton maxbutton-gala-s-deckiej-samochodowki\" target=\"_blank\" rel=\"noopener\" href=\"\/?page_id=935\"><span class='mb-text'>Gala S\u0105deckiej Samochod\u00f3wki<\/span><\/a><\/p>\n<p style=\"text-align: center;\"><a class=\"maxbutton-21 maxbutton maxbutton-g-polski-transport-drogowy-w-zmieniaj-cej-si-unii-europejskiej\" title=\"Kliknij, aby otworzy\u0107 galeri\u0119...\" href=\"http:\/\/www.sadeckasamochodowka.pl\/?page_id=675\"><span class='mb-text'>Polski transport drogowy w zmieniaj\u0105cej si\u0119 Unii Europejskiej<\/span><\/a> \u00a0<a class=\"maxbutton-20 maxbutton maxbutton-g-ii-mistrzostwa-nowego-s-cza-w-kartingu\" title=\"Kliknij, aby otworzy\u0107 galeri\u0119...\" href=\"http:\/\/www.sadeckasamochodowka.pl\/?page_id=662\"><span class='mb-text'>II Mistrzostwa Nowego S\u0105cza w kartingu<\/span><\/a>\u00a0 <a class=\"maxbutton-16 maxbutton maxbutton-g-eliminacje-szkolne-olimpiady-logistycznej\" title=\"Kliknij, aby otworzy\u0107 galeri\u0119...\" href=\"http:\/\/www.sadeckasamochodowka.pl\/?page_id=472\"><span class='mb-text'>Eliminacje szkolne Olimpiady Logistycznej<\/span><\/a>\u00a0 <a class=\"maxbutton-15 maxbutton maxbutton-g-mistrzostwa-szko-y-w-kartingu-2018\" title=\"Kliknij, aby otworzy\u0107 galeri\u0119...\" href=\"http:\/\/www.sadeckasamochodowka.pl\/?page_id=457\"><span class='mb-text'>Mistrzostwa Szko\u0142y w kartingu 2018<\/span><\/a><\/p>\n<p style=\"text-align: center;\"><a class=\"maxbutton-14 maxbutton maxbutton-g-konferencja-ozptd-2018\" title=\"Kliknij, aby otworzy\u0107 galeri\u0119...\" href=\"http:\/\/www.sadeckasamochodowka.pl\/?page_id=399\"><span class='mb-text'>Konferencja OZPTD 2018<\/span><\/a>\u00a0 <a class=\"maxbutton-8 maxbutton maxbutton-g-pokaz-kartingu-krakow-2018\" title=\"Kliknij, aby otworzy\u0107 galeri\u0119...\" href=\"http:\/\/www.sadeckasamochodowka.pl\/?page_id=130\"><span class='mb-text'>Pokaz kartingu Krak\u00f3w 2018<\/span><\/a>\u00a0 <a class=\"maxbutton-5 maxbutton maxbutton-g-i-mistrzostwa-nowego-s-cza-w-kartingu\" title=\"Kliknij, aby otworzy\u0107 galeri\u0119...\" href=\"http:\/\/www.sadeckasamochodowka.pl\/?page_id=98\"><span class='mb-text'>I Mistrzostwa Nowego S\u0105cza w kartingu<\/span><\/a> \u00a0<a class=\"maxbutton-4 maxbutton maxbutton-g-positive-ways-2018\" title=\"Kliknij, aby otworzy\u0107 galeri\u0119...\" href=\"http:\/\/www.sadeckasamochodowka.pl\/?page_id=80\"><span class='mb-text'>POSITIVE WAYS 2018<\/span><\/a><\/p>\n<p>&nbsp;<\/p>\n","protected":false},"excerpt":{"rendered":"<p>\u00a0\u00a0 \u00a0 \u00a0 \u00a0 \u00a0 \u00a0 \u00a0 \u00a0 \u00a0 \u00a0\u00a0 \u00a0 \u00a0 \u00a0 \u00a0 &nbsp;<\/p>\n","protected":false},"author":1,"featured_media":0,"parent":0,"menu_order":500,"comment_status":"closed","ping_status":"closed","template":"","meta":{"footnotes":""},"class_list":["post-45","page","type-page","status-publish","hentry","post-item clearfix"],"_links":{"self":[{"href":"https:\/\/www.sadeckasamochodowka.pl\/index.php?rest_route=\/wp\/v2\/pages\/45","targetHints":{"allow":["GET"]}}],"collection":[{"href":"https:\/\/www.sadeckasamochodowka.pl\/index.php?rest_route=\/wp\/v2\/pages"}],"about":[{"href":"https:\/\/www.sadeckasamochodowka.pl\/index.php?rest_route=\/wp\/v2\/types\/page"}],"author":[{"embeddable":true,"href":"https:\/\/www.sadeckasamochodowka.pl\/index.php?rest_route=\/wp\/v2\/users\/1"}],"replies":[{"embeddable":true,"href":"https:\/\/www.sadeckasamochodowka.pl\/index.php?rest_route=%2Fwp%2Fv2%2Fcomments&post=45"}],"version-history":[{"count":46,"href":"https:\/\/www.sadeckasamochodowka.pl\/index.php?rest_route=\/wp\/v2\/pages\/45\/revisions"}],"predecessor-version":[{"id":5364,"href":"https:\/\/www.sadeckasamochodowka.pl\/index.php?rest_route=\/wp\/v2\/pages\/45\/revisions\/5364"}],"wp:attachment":[{"href":"https:\/\/www.sadeckasamochodowka.pl\/index.php?rest_route=%2Fwp%2Fv2%2Fmedia&parent=45"}],"curies":[{"name":"wp","href":"https:\/\/api.w.org\/{rel}","templated":true}]}}